{"id":33,"date":"2025-10-15T10:45:54","date_gmt":"2025-10-15T10:45:54","guid":{"rendered":"http:\/\/dusacre-edgar.ovh\/index.php\/about\/"},"modified":"2025-10-19T19:08:56","modified_gmt":"2025-10-19T19:08:56","slug":"about","status":"publish","type":"page","link":"https:\/\/dusacre-edgar.ovh\/index.php\/about\/","title":{"rendered":"About"},"content":{"rendered":"\t\t<div data-elementor-type=\"wp-page\" data-elementor-id=\"33\" class=\"elementor elementor-33\">\n\t\t\t\t<div class=\"elementor-element elementor-element-2ec9d630 e-con-full e-flex e-con e-parent\" data-id=\"2ec9d630\" data-element_type=\"container\">\n\t\t<div class=\"elementor-element elementor-element-496edb39 e-con-full e-flex e-con e-child\" data-id=\"496edb39\" data-element_type=\"container\">\n\t\t\t\t<div class=\"elementor-element elementor-element-3353e39a elementor-widget elementor-widget-heading\" data-id=\"3353e39a\" data-element_type=\"widget\" data-widget_type=\"heading.default\">\n\t\t\t\t\t<h1 class=\"elementor-heading-title elementor-size-default\">Une science entre<br> oc\u00e9an et soci\u00e9t\u00e9<\/h1>\t\t\t\t<\/div>\n\t\t\t\t<div class=\"elementor-element elementor-element-21d3c373 elementor-widget-divider--view-line elementor-widget elementor-widget-divider\" data-id=\"21d3c373\" data-element_type=\"widget\" data-widget_type=\"divider.default\">\n\t\t\t\t\t\t\t<div class=\"elementor-divider\">\n\t\t\t<span class=\"elementor-divider-separator\">\n\t\t\t\t\t\t<\/span>\n\t\t<\/div>\n\t\t\t\t\t\t<\/div>\n\t\t\t\t<div class=\"elementor-element elementor-element-4a2fa918 elementor-widget__width-initial elementor-widget elementor-widget-text-editor\" data-id=\"4a2fa918\" data-element_type=\"widget\" data-widget_type=\"text-editor.default\">\n\t\t\t\t\t\t\t\t\t<p>Docteur en \u00e9cotoxicologie et biog\u00e9ochimie de l\u2019Universit\u00e9 de Bordeaux (EPOC) et en pollution environnementale et toxicologie de l\u2019Universit\u00e9 du Pays Basque (CBET+ \/ Plentzia Marine Station), Edgar Dusacre consacre ses recherches sur le <span class=\"group\/language-learning cursor-pointer\"><span class=\"group-hover\/language-learning:border-foreground border-subtle cursor-pointer hyphens-auto break-words border-b-2 border-dotted outline-none transition-colors duration-200 ease-out font-sans text-base font-medium text-foreground selection:bg-super\/50 selection:text-foreground dark:selection:bg-super\/10 dark:selection:text-super\">devenir et les effets des polluants \u00e9mergents, tout en s\u2019effor\u00e7ant de mettre en place des outils pour limiter le relargage de ces polluants dans les environnement aquatiques. <\/span><\/span><\/p><p><span class=\"group\/language-learning cursor-pointer\"><span class=\"group-hover\/language-learning:border-foreground border-subtle cursor-pointer hyphens-auto break-words border-b-2 border-dotted outline-none transition-colors duration-200 ease-out font-sans text-base font-medium text-foreground selection:bg-super\/50 selection:text-foreground dark:selection:bg-super\/10 dark:selection:text-super\"><br \/>Sa th\u00e8se s&#8217;est notamment centr\u00e9e sur l&#8217;\u00e9valuation et l&#8217;\u00e9cotoxicit\u00e9 des microplastiques, nanoplastiques et additifs issus de la d\u00e9gradation des engins de p\u00eache<\/span><\/span> dans le golfe de Gascogne. Entre l\u2019oc\u00e9anographie, la chimie environnementale et l\u2019\u00e9cotoxicologie, ses travaux explorent les interactions entre la d\u00e9gradation des polym\u00e8res et la sant\u00e9 des \u00e9cosyst\u00e8mes littoraux.<\/p>\t\t\t\t\t\t\t\t<\/div>\n\t\t\t\t<\/div>\n\t\t<div class=\"elementor-element elementor-element-2ca5d2c0 e-con-full e-flex e-con e-child\" data-id=\"2ca5d2c0\" data-element_type=\"container\" data-settings=\"{&quot;background_background&quot;:&quot;classic&quot;}\">\n\t\t\t\t<\/div>\n\t\t\t\t<\/div>\n\t\t<div class=\"elementor-element elementor-element-771db64c e-con-full e-flex e-con e-parent\" data-id=\"771db64c\" data-element_type=\"container\">\n\t\t<div class=\"elementor-element elementor-element-94cc8e e-con-full e-flex e-con e-child\" data-id=\"94cc8e\" data-element_type=\"container\">\n\t\t\t\t<div class=\"elementor-element elementor-element-4172f58f elementor-pagination-position-inside elementor-widget elementor-widget-image-carousel\" data-id=\"4172f58f\" data-element_type=\"widget\" data-settings=\"{&quot;slides_to_show&quot;:&quot;1&quot;,&quot;navigation&quot;:&quot;dots&quot;,&quot;pause_on_hover&quot;:&quot;no&quot;,&quot;pause_on_interaction&quot;:&quot;no&quot;,&quot;autoplay&quot;:&quot;yes&quot;,&quot;autoplay_speed&quot;:5000,&quot;infinite&quot;:&quot;yes&quot;,&quot;effect&quot;:&quot;slide&quot;,&quot;speed&quot;:500}\" data-widget_type=\"image-carousel.default\">\n\t\t\t\t\t\t\t<div class=\"elementor-image-carousel-wrapper swiper\" role=\"region\" aria-roledescription=\"carousel\" aria-label=\"Image Carousel\" dir=\"ltr\">\n\t\t\t<div class=\"elementor-image-carousel swiper-wrapper swiper-image-stretch\" aria-live=\"off\">\n\t\t\t\t\t\t\t\t<div class=\"swiper-slide\" role=\"group\" aria-roledescription=\"slide\" aria-label=\"1 of 3\"><figure class=\"swiper-slide-inner\"><img decoding=\"async\" class=\"swiper-slide-image\" src=\"https:\/\/dusacre-edgar.ovh\/wp-content\/uploads\/2025\/10\/woe2.png\" alt=\"woe2\" \/><\/figure><\/div><div class=\"swiper-slide\" role=\"group\" aria-roledescription=\"slide\" aria-label=\"2 of 3\"><figure class=\"swiper-slide-inner\"><img decoding=\"async\" class=\"swiper-slide-image\" src=\"https:\/\/dusacre-edgar.ovh\/wp-content\/uploads\/2025\/10\/about2.png\" alt=\"about2\" \/><\/figure><\/div><div class=\"swiper-slide\" role=\"group\" aria-roledescription=\"slide\" aria-label=\"3 of 3\"><figure class=\"swiper-slide-inner\"><img decoding=\"async\" class=\"swiper-slide-image\" src=\"https:\/\/dusacre-edgar.ovh\/wp-content\/uploads\/2025\/10\/about3.png\" alt=\"about3\" \/><\/figure><\/div>\t\t\t<\/div>\n\t\t\t\t\t\t\t\n\t\t\t\t\t\t\t\t\t<div class=\"swiper-pagination\"><\/div>\n\t\t\t\t\t\t\t\t\t<\/div>\n\t\t\t\t\t\t<\/div>\n\t\t\t\t<\/div>\n\t\t<div class=\"elementor-element elementor-element-5c54cbf4 e-con-full e-flex e-con e-child\" data-id=\"5c54cbf4\" data-element_type=\"container\">\n\t\t\t\t<div class=\"elementor-element elementor-element-3349bbd0 elementor-widget elementor-widget-heading\" data-id=\"3349bbd0\" data-element_type=\"widget\" data-widget_type=\"heading.default\">\n\t\t\t\t\t<h2 class=\"elementor-heading-title elementor-size-default\">Du polluant au risque environnemental<\/h2>\t\t\t\t<\/div>\n\t\t\t\t<div class=\"elementor-element elementor-element-fb77d95 elementor-widget__width-initial elementor-widget elementor-widget-text-editor\" data-id=\"fb77d95\" data-element_type=\"widget\" data-widget_type=\"text-editor.default\">\n\t\t\t\t\t\t\t\t\t<p>Sp\u00e9cialis\u00e9 dans l\u2019\u00e9valuation du risque environnemental associ\u00e9 aux polluants \u00e9mergents, il a d\u00e9velopp\u00e9 des approches int\u00e9gr\u00e9es combinant mesures exp\u00e9rimentales, \u00e9tude de terrain, analyses statistiques et mod\u00e9lisation pour comprendre la dynamique des contaminants dans les environnements marins.<\/p><p>\u00c0 travers ses travaux, Edgar cherche \u00e0 relier les r\u00e9sultats de laboratoire \u00e0 la gestion concr\u00e8te des \u00e9cosyst\u00e8mes, dans une logique de science appliqu\u00e9e \u00e0 la conservation.<\/p>\t\t\t\t\t\t\t\t<\/div>\n\t\t\t\t<\/div>\n\t\t\t\t<\/div>\n\t\t<div class=\"elementor-element elementor-element-761672d3 e-con-full e-flex e-con e-parent\" data-id=\"761672d3\" data-element_type=\"container\">\n\t\t\t\t<div class=\"elementor-element elementor-element-6a5ba7bc elementor-widget elementor-widget-heading\" data-id=\"6a5ba7bc\" data-element_type=\"widget\" data-widget_type=\"heading.default\">\n\t\t\t\t\t<h2 class=\"elementor-heading-title elementor-size-default\">Un parcours international et engag\u00e9\ufeff<\/h2>\t\t\t\t<\/div>\n\t\t<div class=\"elementor-element elementor-element-1798d1c1 e-con-full e-flex e-con e-child\" data-id=\"1798d1c1\" data-element_type=\"container\">\n\t\t<div class=\"elementor-element elementor-element-594d98bf e-con-full e-flex e-con e-child\" data-id=\"594d98bf\" data-element_type=\"container\">\n\t\t\t\t<div class=\"elementor-element elementor-element-7d3fd17e elementor-position-top elementor-widget elementor-widget-image-box\" data-id=\"7d3fd17e\" data-element_type=\"widget\" data-widget_type=\"image-box.default\">\n\t\t\t\t\t<div class=\"elementor-image-box-wrapper\"><figure class=\"elementor-image-box-img\"><img fetchpriority=\"high\" decoding=\"async\" width=\"2400\" height=\"2414\" src=\"https:\/\/dusacre-edgar.ovh\/wp-content\/uploads\/2025\/10\/GOPR8017.jpg\" class=\"attachment-full size-full wp-image-170\" alt=\"\" srcset=\"https:\/\/dusacre-edgar.ovh\/wp-content\/uploads\/2025\/10\/GOPR8017.jpg 2400w, https:\/\/dusacre-edgar.ovh\/wp-content\/uploads\/2025\/10\/GOPR8017-298x300.jpg 298w, https:\/\/dusacre-edgar.ovh\/wp-content\/uploads\/2025\/10\/GOPR8017-1018x1024.jpg 1018w, https:\/\/dusacre-edgar.ovh\/wp-content\/uploads\/2025\/10\/GOPR8017-150x150.jpg 150w, https:\/\/dusacre-edgar.ovh\/wp-content\/uploads\/2025\/10\/GOPR8017-768x772.jpg 768w, https:\/\/dusacre-edgar.ovh\/wp-content\/uploads\/2025\/10\/GOPR8017-1527x1536.jpg 1527w, https:\/\/dusacre-edgar.ovh\/wp-content\/uploads\/2025\/10\/GOPR8017-2036x2048.jpg 2036w\" sizes=\"(max-width: 2400px) 100vw, 2400px\" \/><\/figure><div class=\"elementor-image-box-content\"><h3 class=\"elementor-image-box-title\">Employee Name<\/h3><p class=\"elementor-image-box-description\">Job title<\/p><\/div><\/div>\t\t\t\t<\/div>\n\t\t\t\t<\/div>\n\t\t<div class=\"elementor-element elementor-element-378792f1 e-con-full e-flex e-con e-child\" data-id=\"378792f1\" data-element_type=\"container\">\n\t\t\t\t<div class=\"elementor-element elementor-element-3093b7d7 elementor-position-top elementor-widget elementor-widget-image-box\" data-id=\"3093b7d7\" data-element_type=\"widget\" data-widget_type=\"image-box.default\">\n\t\t\t\t\t<div class=\"elementor-image-box-wrapper\"><figure class=\"elementor-image-box-img\"><img decoding=\"async\" width=\"2560\" height=\"2552\" src=\"https:\/\/dusacre-edgar.ovh\/wp-content\/uploads\/2025\/10\/IMG_20200302_145642-scaled.jpg\" class=\"attachment-full size-full wp-image-171\" alt=\"\" srcset=\"https:\/\/dusacre-edgar.ovh\/wp-content\/uploads\/2025\/10\/IMG_20200302_145642-scaled.jpg 2560w, https:\/\/dusacre-edgar.ovh\/wp-content\/uploads\/2025\/10\/IMG_20200302_145642-300x300.jpg 300w, https:\/\/dusacre-edgar.ovh\/wp-content\/uploads\/2025\/10\/IMG_20200302_145642-1024x1021.jpg 1024w, https:\/\/dusacre-edgar.ovh\/wp-content\/uploads\/2025\/10\/IMG_20200302_145642-150x150.jpg 150w, https:\/\/dusacre-edgar.ovh\/wp-content\/uploads\/2025\/10\/IMG_20200302_145642-768x766.jpg 768w, https:\/\/dusacre-edgar.ovh\/wp-content\/uploads\/2025\/10\/IMG_20200302_145642-1536x1531.jpg 1536w, https:\/\/dusacre-edgar.ovh\/wp-content\/uploads\/2025\/10\/IMG_20200302_145642-2048x2041.jpg 2048w\" sizes=\"(max-width: 2560px) 100vw, 2560px\" \/><\/figure><div class=\"elementor-image-box-content\"><h3 class=\"elementor-image-box-title\">Employee Name<\/h3><p class=\"elementor-image-box-description\">Job title<\/p><\/div><\/div>\t\t\t\t<\/div>\n\t\t\t\t<\/div>\n\t\t<div class=\"elementor-element elementor-element-2c8107eb e-con-full e-flex e-con e-child\" data-id=\"2c8107eb\" data-element_type=\"container\">\n\t\t\t\t<div class=\"elementor-element elementor-element-2c5cdcb2 elementor-position-top elementor-widget elementor-widget-image-box\" data-id=\"2c5cdcb2\" data-element_type=\"widget\" data-widget_type=\"image-box.default\">\n\t\t\t\t\t<div class=\"elementor-image-box-wrapper\"><figure class=\"elementor-image-box-img\"><img decoding=\"async\" width=\"1920\" height=\"1920\" src=\"https:\/\/dusacre-edgar.ovh\/wp-content\/uploads\/2025\/10\/ecotoxicologie_aquatique_EdgarDusacre_mission-encagement-filet-de-peche-pour-etude-degradation-port-Arcachon_24042023-scaled-e1760900240354.jpg\" class=\"attachment-full size-full wp-image-174\" alt=\"\" srcset=\"https:\/\/dusacre-edgar.ovh\/wp-content\/uploads\/2025\/10\/ecotoxicologie_aquatique_EdgarDusacre_mission-encagement-filet-de-peche-pour-etude-degradation-port-Arcachon_24042023-scaled-e1760900240354.jpg 1920w, https:\/\/dusacre-edgar.ovh\/wp-content\/uploads\/2025\/10\/ecotoxicologie_aquatique_EdgarDusacre_mission-encagement-filet-de-peche-pour-etude-degradation-port-Arcachon_24042023-scaled-e1760900240354-300x300.jpg 300w, https:\/\/dusacre-edgar.ovh\/wp-content\/uploads\/2025\/10\/ecotoxicologie_aquatique_EdgarDusacre_mission-encagement-filet-de-peche-pour-etude-degradation-port-Arcachon_24042023-scaled-e1760900240354-1024x1024.jpg 1024w, https:\/\/dusacre-edgar.ovh\/wp-content\/uploads\/2025\/10\/ecotoxicologie_aquatique_EdgarDusacre_mission-encagement-filet-de-peche-pour-etude-degradation-port-Arcachon_24042023-scaled-e1760900240354-150x150.jpg 150w, https:\/\/dusacre-edgar.ovh\/wp-content\/uploads\/2025\/10\/ecotoxicologie_aquatique_EdgarDusacre_mission-encagement-filet-de-peche-pour-etude-degradation-port-Arcachon_24042023-scaled-e1760900240354-768x768.jpg 768w, https:\/\/dusacre-edgar.ovh\/wp-content\/uploads\/2025\/10\/ecotoxicologie_aquatique_EdgarDusacre_mission-encagement-filet-de-peche-pour-etude-degradation-port-Arcachon_24042023-scaled-e1760900240354-1536x1536.jpg 1536w\" sizes=\"(max-width: 1920px) 100vw, 1920px\" \/><\/figure><div class=\"elementor-image-box-content\"><h3 class=\"elementor-image-box-title\">Employee Name<\/h3><p class=\"elementor-image-box-description\">Job title<\/p><\/div><\/div>\t\t\t\t<\/div>\n\t\t\t\t<\/div>\n\t\t<div class=\"elementor-element elementor-element-1fbfcc59 e-con-full e-flex e-con e-child\" data-id=\"1fbfcc59\" data-element_type=\"container\">\n\t\t\t\t<div class=\"elementor-element elementor-element-e94333a elementor-position-top elementor-widget elementor-widget-image-box\" data-id=\"e94333a\" data-element_type=\"widget\" data-widget_type=\"image-box.default\">\n\t\t\t\t\t<div class=\"elementor-image-box-wrapper\"><figure class=\"elementor-image-box-img\"><img loading=\"lazy\" decoding=\"async\" width=\"2560\" height=\"1704\" src=\"https:\/\/dusacre-edgar.ovh\/wp-content\/uploads\/2025\/10\/Capture-decran-2025-10-19-a-21.06.31-scaled.png\" class=\"attachment-full size-full wp-image-181\" alt=\"\" srcset=\"https:\/\/dusacre-edgar.ovh\/wp-content\/uploads\/2025\/10\/Capture-decran-2025-10-19-a-21.06.31-scaled.png 2560w, https:\/\/dusacre-edgar.ovh\/wp-content\/uploads\/2025\/10\/Capture-decran-2025-10-19-a-21.06.31-300x200.png 300w, https:\/\/dusacre-edgar.ovh\/wp-content\/uploads\/2025\/10\/Capture-decran-2025-10-19-a-21.06.31-1024x681.png 1024w, https:\/\/dusacre-edgar.ovh\/wp-content\/uploads\/2025\/10\/Capture-decran-2025-10-19-a-21.06.31-768x511.png 768w, https:\/\/dusacre-edgar.ovh\/wp-content\/uploads\/2025\/10\/Capture-decran-2025-10-19-a-21.06.31-1536x1022.png 1536w, https:\/\/dusacre-edgar.ovh\/wp-content\/uploads\/2025\/10\/Capture-decran-2025-10-19-a-21.06.31-2048x1363.png 2048w\" sizes=\"(max-width: 2560px) 100vw, 2560px\" \/><\/figure><div class=\"elementor-image-box-content\"><h3 class=\"elementor-image-box-title\">Employee Name<\/h3><p class=\"elementor-image-box-description\">Job title<\/p><\/div><\/div>\t\t\t\t<\/div>\n\t\t\t\t<\/div>\n\t\t\t\t<\/div>\n\t\t\t\t<\/div>\n\t\t<div class=\"elementor-element elementor-element-7f6c082 e-flex e-con-boxed e-con e-parent\" data-id=\"7f6c082\" data-element_type=\"container\">\n\t\t\t\t\t<div class=\"e-con-inner\">\n\t\t\t\t<div class=\"elementor-element elementor-element-74917b8 elementor-widget elementor-widget-spacer\" data-id=\"74917b8\" data-element_type=\"widget\" data-widget_type=\"spacer.default\">\n\t\t\t\t\t\t\t<div class=\"elementor-spacer\">\n\t\t\t<div class=\"elementor-spacer-inner\"><\/div>\n\t\t<\/div>\n\t\t\t\t\t\t<\/div>\n\t\t\t\t<div class=\"elementor-element elementor-element-91d866f elementor-widget elementor-widget-text-editor\" data-id=\"91d866f\" data-element_type=\"widget\" data-widget_type=\"text-editor.default\">\n\t\t\t\t\t\t\t\t\t<p>Dipl\u00f4m\u00e9 en biologie marine de l\u2019Universit\u00e9 de Bordeaux et de l\u2019Universit\u00e9 d\u2019Antofagasta au Chili, puis titulaire d\u2019un double master entre La Rochelle et l\u2019Universit\u00e9 du Costa Rica en <span class=\"group\/language-learning cursor-pointer\"><span class=\"group-hover\/language-learning:border-foreground border-subtle cursor-pointer hyphens-auto break-words border-b-2 border-dotted outline-none transition-colors duration-200 ease-out font-sans text-base font-medium text-foreground selection:bg-super\/50 selection:text-foreground dark:selection:bg-super\/10 dark:selection:text-super\">gestion int\u00e9gr\u00e9e de l\u2019environnement et \u00e9cologie littorale<\/span><\/span>, il valorise une approche multiculturelle et interdisciplinaire de la recherche. En tant que cofondateur de l\u2019ONG scientifique 4P SCIENSEAS et ancien <span class=\"group\/language-learning cursor-pointer\"><span class=\"group-hover\/language-learning:border-foreground border-subtle cursor-pointer hyphens-auto break-words border-b-2 border-dotted outline-none transition-colors duration-200 ease-out font-sans text-base font-medium text-foreground selection:bg-super\/50 selection:text-foreground dark:selection:bg-super\/10 dark:selection:text-super\">European Youth for Ocean Advocate<\/span><\/span> de la Commission europ\u00e9enne, il s\u2019investit pour rapprocher la soci\u00e9t\u00e9 civile, les institutions publiques et la recherche scientifique.<\/p>\t\t\t\t\t\t\t\t<\/div>\n\t\t\t\t\t<\/div>\n\t\t\t\t<\/div>\n\t\t<div class=\"elementor-element elementor-element-6dc50d90 e-flex e-con-boxed e-con e-parent\" data-id=\"6dc50d90\" data-element_type=\"container\">\n\t\t\t\t\t<div class=\"e-con-inner\">\n\t\t\t\t<div class=\"elementor-element elementor-element-459095c elementor-widget elementor-widget-heading\" data-id=\"459095c\" data-element_type=\"widget\" data-widget_type=\"heading.default\">\n\t\t\t\t\t<h2 class=\"elementor-heading-title elementor-size-default\">A Title to Turn the Visitor Into a Lead<\/h2>\t\t\t\t<\/div>\n\t\t\t\t<div class=\"elementor-element elementor-element-312f1318 elementor-widget__width-initial elementor-widget elementor-widget-text-editor\" data-id=\"312f1318\" data-element_type=\"widget\" data-widget_type=\"text-editor.default\">\n\t\t\t\t\t\t\t\t\t<p>This is your chance to emphasize why the visitor should contact you right now now.<\/p>\t\t\t\t\t\t\t\t<\/div>\n\t\t\t\t<div class=\"elementor-element elementor-element-3913940f elementor-align-center elementor-invisible elementor-widget elementor-widget-button\" data-id=\"3913940f\" data-element_type=\"widget\" data-settings=\"{&quot;_animation&quot;:&quot;fadeInDown&quot;}\" data-widget_type=\"button.default\">\n\t\t\t\t\t\t\t\t\t\t<a class=\"elementor-button elementor-button-link elementor-size-sm\" href=\"https:\/\/library.elementor.com\/local-services-wireframe-3-flexbox\/contact-us\/\">\n\t\t\t\t\t\t<span class=\"elementor-button-content-wrapper\">\n\t\t\t\t\t\t\t\t\t<span class=\"elementor-button-text\">Contact Us<\/span>\n\t\t\t\t\t<\/span>\n\t\t\t\t\t<\/a>\n\t\t\t\t\t\t\t\t<\/div>\n\t\t\t\t\t<\/div>\n\t\t\t\t<\/div>\n\t\t\t\t<\/div>\n\t\t","protected":false},"excerpt":{"rendered":"<p>Une science entre oc\u00e9an et soci\u00e9t\u00e9 Docteur en \u00e9cotoxicologie et biog\u00e9ochimie de l\u2019Universit\u00e9 de Bordeaux (EPOC) et en pollution environnementale et toxicologie de l\u2019Universit\u00e9 du Pays Basque (CBET+ \/ Plentzia Marine Station), Edgar Dusacre consacre ses recherches sur le devenir et les effets des polluants \u00e9mergents, tout en s\u2019effor\u00e7ant de mettre en place des outils [&hellip;]<\/p>\n","protected":false},"author":1,"featured_media":40,"parent":0,"menu_order":0,"comment_status":"closed","ping_status":"closed","template":"elementor_header_footer","meta":{"footnotes":""},"class_list":["post-33","page","type-page","status-publish","has-post-thumbnail","hentry"],"_links":{"self":[{"href":"https:\/\/dusacre-edgar.ovh\/index.php\/wp-json\/wp\/v2\/pages\/33","targetHints":{"allow":["GET"]}}],"collection":[{"href":"https:\/\/dusacre-edgar.ovh\/index.php\/wp-json\/wp\/v2\/pages"}],"about":[{"href":"https:\/\/dusacre-edgar.ovh\/index.php\/wp-json\/wp\/v2\/types\/page"}],"author":[{"embeddable":true,"href":"https:\/\/dusacre-edgar.ovh\/index.php\/wp-json\/wp\/v2\/users\/1"}],"replies":[{"embeddable":true,"href":"https:\/\/dusacre-edgar.ovh\/index.php\/wp-json\/wp\/v2\/comments?post=33"}],"version-history":[{"count":13,"href":"https:\/\/dusacre-edgar.ovh\/index.php\/wp-json\/wp\/v2\/pages\/33\/revisions"}],"predecessor-version":[{"id":184,"href":"https:\/\/dusacre-edgar.ovh\/index.php\/wp-json\/wp\/v2\/pages\/33\/revisions\/184"}],"wp:featuredmedia":[{"embeddable":true,"href":"https:\/\/dusacre-edgar.ovh\/index.php\/wp-json\/wp\/v2\/media\/40"}],"wp:attachment":[{"href":"https:\/\/dusacre-edgar.ovh\/index.php\/wp-json\/wp\/v2\/media?parent=33"}],"curies":[{"name":"wp","href":"https:\/\/api.w.org\/{rel}","templated":true}]}}